{"id":36,"date":"2020-06-16T17:51:51","date_gmt":"2020-06-16T17:51:51","guid":{"rendered":"https:\/\/let-indance.com\/?page_id=36"},"modified":"2024-04-12T12:50:04","modified_gmt":"2024-04-12T12:50:04","slug":"let-in-dance-cubaanse-salsa-in-arnhem-en-nijmegen","status":"publish","type":"page","link":"https:\/\/let-indance.com\/","title":{"rendered":"Cubaanse Salsa in Arnhem en Nijmegen"},"content":{"rendered":"\n<h2 class=\"has-text-color\" style=\"color:#5638eb\"><strong>Cubaanse Salsa in Arnhem en Nijmegen<\/strong><\/h2>\n\n\n\n<p class=\"has-text-color\" style=\"color:#5638eb\">Zin in vrolijke, zomerse sferen het hele jaar door? Dan ben je bij <strong>Let-in Dance<\/strong> aan het goede adres.  Wanneer? Wekelijks organiseer ik lessen op beginners, intermediate en advanced niveau. Zie hiervoor het lesrooster: <a href=\"https:\/\/let-indance.com\/index.php\/lesrooster\/\">https:\/\/let-indance.com\/index.php\/lesrooster\/<\/a><\/p>\n\n\n\n<p class=\"has-text-color\" style=\"color:#5638eb\"><img decoding=\"async\" loading=\"lazy\" width=\"1024\" height=\"1280\" class=\"wp-image-163\" style=\"width: 150px;\" src=\"https:\/\/let-indance.com\/wp-content\/uploads\/2023\/10\/Flyer-Let-in-Dance-salsalessen-woensdag-najaar-2023.jpg\" alt=\"We nodigen je van harte uit om mee te komen doen!\" srcset=\"https:\/\/let-indance.com\/wp-content\/uploads\/2023\/10\/Flyer-Let-in-Dance-salsalessen-woensdag-najaar-2023.jpg 1024w, https:\/\/let-indance.com\/wp-content\/uploads\/2023\/10\/Flyer-Let-in-Dance-salsalessen-woensdag-najaar-2023-240x300.jpg 240w, https:\/\/let-indance.com\/wp-content\/uploads\/2023\/10\/Flyer-Let-in-Dance-salsalessen-woensdag-najaar-2023-819x1024.jpg 819w, https:\/\/let-indance.com\/wp-content\/uploads\/2023\/10\/Flyer-Let-in-Dance-salsalessen-woensdag-najaar-2023-768x960.jpg 768w\" sizes=\"(max-width: 706px) 89vw, (max-width: 767px) 82vw, 740px\" \/><br>Tijdens deze lessen besteed ik aandacht aan muzikaliteit, techniek, partnering, flow en natuurlijk het plezier in dansen. Je leert nieuwe figuren, die bestaan uit verschillende stukjes die je op elk ander moment ook in je dans kunt verwerken. Geen vaste choreografie\u00ebn dus, maar bruikbare bewegingen, waarmee je lekker kunt improviseren.  <br>Zodat je ook tijdens een feestje je beste beentje voor kunt zetten. <br>Ondertussen zorgt de vrolijke groep ook nog voor veel plezier. En terwijl je actief bezig bent ontspant je lichaam, laat je geest alle beslommeringen van de dag even los en na afloop ga je relaxed en met een glimlach op je gezicht weer naar huis. <br>Een aantal figuren die in de Cubaanse Salsa vaak voorkomen en die je goed kunt combineren vind je hier: <a href=\"https:\/\/www.youtube.com\/watch?v=4Q_fnhxsQL4&amp;list=PL-tQ8WiawfNpBoOnwxhEpJjpnh-6FLQie&amp;index=3\">https:\/\/www.youtube.com\/watch?v=4Q_fnhxsQL4&amp;list=PL-tQ8WiawfNpBoOnwxhEpJjpnh-6FLQie&amp;index=3<\/a><\/p>\n\n\n\n<h2 class=\"has-text-color\" style=\"color:#5638eb\"><strong>Rueda de Casino<\/strong><\/h2>\n\n\n\n<p class=\"has-text-color\" style=\"color:#5638eb\">Daarnaast wordt er elke les ook aandacht besteed aan Rueda de Casino. De intermediate les is zelfs verlengd naar 1,5 uur om er de aandacht aan te besteden die het verdient. Rueda de Casino is een Cubaanse dansvorm waarbij meerdere koppels in een cirkel dansen. Er is \u00e9\u00e9n persoon die de calls roept: de Cantante. De calls bestaan uit vaststaande figuren die nadat de Cantante er \u00e9\u00e9n geroepen heeft door alle koppels op hetzelfde moment gedanst worden. Aan het einde van de figuur wissel je wel, of niet, van partner. Zo dans je dus met de volledig groep tegelijk! Kortom: het is gezellig, leerzaam en vaak ook ontzettend grappig! <br>Een mooi voorbeeld hiervan: <a href=\"https:\/\/www.youtube.com\/watch?v=zwD0K0n_OxU\">https:\/\/www.youtube.com\/watch?v=zwD0K0n_OxU<\/a>Heb je minimaal intermediate niveau in Salsa, Cubaans of anders, dan ben je van harte welkom om deze stijl ook mee te komen maken bij Let-in Dance, Cubaanse Salsa in Arnhem en Nijmegen.<\/p>\n\n\n\n<p class=\"has-text-color\" style=\"color:#5638eb\"><strong>Let-in Dance<\/strong> biedt jou, naast de Cubaanse salsa, ook een vrolijke, actieve en leerzame dansbeleving in andere dansstijlen. Het is daarbij niet belangrijk hoeveel danservaring je al hebt. Bekijk voor idee\u00ebn deze pagina: <a href=\"https:\/\/let-indance.com\/index.php\/mogelijkheden-en-ideeen\/\">https:\/\/let-indance.com\/index.php\/mogelijkheden-en-ideeen\/<\/a><\/p>\n\n\n\n<h2 class=\"has-text-color\" style=\"color:#96e800\"><strong>De naam Let-in Dance heeft meerdere betekenissen:<\/strong><\/h2>\n\n\n\n<ul class=\"has-text-color\" style=\"color:#96e800\">\n<li>Ten eerste: Laat dans bij je binnen komen! Geniet met volle teugen van de ervaring van je hoofd even rust te gunnen door met je lichaam bezig te zijn. <\/li>\n\n\n\n<li>Ten tweede: Iedereen inclusief. Let-in Dance is bedoeld voor iedereen, van de jongsten tot en met de oudsten! Met en zonder beperking. Met andere woorden: Ik nodig iedereen uit voor een swingende beleving.<\/li>\n\n\n\n<li>Tot slot: Let-in Dance, een knipoog naar de bekende Latin dansen.<\/li>\n<\/ul>\n\n\n\n<p><\/p>\n","protected":false},"excerpt":{"rendered":"<p>Cubaanse Salsa in Arnhem en Nijmegen Zin in vrolijke, zomerse sferen het hele jaar door? Dan ben je bij Let-in Dance aan het goede adres. Wanneer? Wekelijks organiseer ik lessen op beginners, intermediate en advanced niveau. Zie hiervoor het lesrooster: https:\/\/let-indance.com\/index.php\/lesrooster\/ Tijdens deze lessen besteed ik aandacht aan muzikaliteit, techniek, partnering, flow en natuurlijk het &hellip; <\/p>\n<p class=\"link-more\"><a href=\"https:\/\/let-indance.com\/\" class=\"more-link\"><span class=\"screen-reader-text\">&#8220;Cubaanse Salsa in Arnhem en Nijmegen&#8221;<\/span> verder lezen<\/a><\/p>\n","protected":false},"author":1,"featured_media":0,"parent":0,"menu_order":0,"comment_status":"closed","ping_status":"closed","template":"","meta":[],"folder":[],"_links":{"self":[{"href":"https:\/\/let-indance.com\/index.php\/wp-json\/wp\/v2\/pages\/36"}],"collection":[{"href":"https:\/\/let-indance.com\/index.php\/wp-json\/wp\/v2\/pages"}],"about":[{"href":"https:\/\/let-indance.com\/index.php\/wp-json\/wp\/v2\/types\/page"}],"author":[{"embeddable":true,"href":"https:\/\/let-indance.com\/index.php\/wp-json\/wp\/v2\/users\/1"}],"replies":[{"embeddable":true,"href":"https:\/\/let-indance.com\/index.php\/wp-json\/wp\/v2\/comments?post=36"}],"version-history":[{"count":10,"href":"https:\/\/let-indance.com\/index.php\/wp-json\/wp\/v2\/pages\/36\/revisions"}],"predecessor-version":[{"id":224,"href":"https:\/\/let-indance.com\/index.php\/wp-json\/wp\/v2\/pages\/36\/revisions\/224"}],"wp:attachment":[{"href":"https:\/\/let-indance.com\/index.php\/wp-json\/wp\/v2\/media?parent=36"}],"wp:term":[{"taxonomy":"folder","embeddable":true,"href":"https:\/\/let-indance.com\/index.php\/wp-json\/wp\/v2\/folder?post=36"}],"curies":[{"name":"wp","href":"https:\/\/api.w.org\/{rel}","templated":true}]}}